{"id":3661,"date":"2019-03-11T01:06:16","date_gmt":"2019-03-11T00:06:16","guid":{"rendered":"https:\/\/www.clientswork.net\/inmob\/location\/"},"modified":"2019-03-22T14:08:30","modified_gmt":"2019-03-22T13:08:30","slug":"location","status":"publish","type":"page","link":"https:\/\/www.inmobiliariasanantonio.es\/es\/location\/","title":{"rendered":"Localizaci\u00f3n"},"content":{"rendered":"<div class=\"wpb-content-wrapper\"><p>[vc_row][vc_column width=\u00bb1\/2&#8243;][vc_column_text]<strong>Inmobiliaria San Antonio<\/strong> tiene sus oficinas ubicadas en la localidad de San Antonio de Benageber en Valencia, bien comunicada por la pista de Ademuz, a continuaci\u00f3n le mostramos un mapa de nuestra situaci\u00f3n.<\/p>\n<p>Localizaci\u00f3n<br \/>\nCalle Turia, 12, 46184, San Antonio de Benag\u00e9ber, Valencia, Espa\u00f1a<\/p>\n<p><strong>667 709 999 \/ 670 394 517<\/strong>[\/vc_column_text][\/vc_column][vc_column width=\u00bb1\/2&#8243;][vc_single_image image=\u00bb3504&#8243; img_size=\u00bbfull\u00bb alignment=\u00bbcenter\u00bb][\/vc_column][\/vc_row][vc_row][vc_column][vc_empty_space height=\u00bb3em\u00bb][\/vc_column][\/vc_row]<\/p>\n<\/div>","protected":false},"excerpt":{"rendered":"<p>[vc_row][vc_column width=\u00bb1\/2&#8243;][vc_column_text]Inmobiliaria San Antonio tiene sus oficinas ubicadas en la localidad de San Antonio de Benageber en Valencia, bien comunicada por la pista de Ademuz, a continuaci\u00f3n le mostramos un mapa de nuestra situaci\u00f3n. Localizaci\u00f3n Calle Turia, 12, 46184, San Antonio de Benag\u00e9ber, Valencia, Espa\u00f1a 667 709 999 \/ 670 394 517[\/vc_column_text][\/vc_column][vc_column width=\u00bb1\/2&#8243;][vc_single_image image=\u00bb3504&#8243; img_size=\u00bbfull\u00bb &hellip; <br \/><a href=\"https:\/\/www.inmobiliariasanantonio.es\/es\/location\/\" class=\"more-link\">Continue reading <span class=\"screen-reader-text\">Localizaci\u00f3n<\/span><\/a><\/p>\n","protected":false},"author":3,"featured_media":0,"parent":0,"menu_order":0,"comment_status":"closed","ping_status":"closed","template":"","meta":{"footnotes":""},"class_list":["post-3661","page","type-page","status-publish","hentry"],"_links":{"self":[{"href":"https:\/\/www.inmobiliariasanantonio.es\/es\/wp-json\/wp\/v2\/pages\/3661","targetHints":{"allow":["GET"]}}],"collection":[{"href":"https:\/\/www.inmobiliariasanantonio.es\/es\/wp-json\/wp\/v2\/pages"}],"about":[{"href":"https:\/\/www.inmobiliariasanantonio.es\/es\/wp-json\/wp\/v2\/types\/page"}],"author":[{"embeddable":true,"href":"https:\/\/www.inmobiliariasanantonio.es\/es\/wp-json\/wp\/v2\/users\/3"}],"replies":[{"embeddable":true,"href":"https:\/\/www.inmobiliariasanantonio.es\/es\/wp-json\/wp\/v2\/comments?post=3661"}],"version-history":[{"count":2,"href":"https:\/\/www.inmobiliariasanantonio.es\/es\/wp-json\/wp\/v2\/pages\/3661\/revisions"}],"predecessor-version":[{"id":3663,"href":"https:\/\/www.inmobiliariasanantonio.es\/es\/wp-json\/wp\/v2\/pages\/3661\/revisions\/3663"}],"wp:attachment":[{"href":"https:\/\/www.inmobiliariasanantonio.es\/es\/wp-json\/wp\/v2\/media?parent=3661"}],"curies":[{"name":"wp","href":"https:\/\/api.w.org\/{rel}","templated":true}]}}