{"id":3658,"date":"2019-03-18T19:25:16","date_gmt":"2019-03-18T18:25:16","guid":{"rendered":"https:\/\/www.clientswork.net\/inmob\/contactar\/"},"modified":"2019-06-03T23:11:25","modified_gmt":"2019-06-03T21:11:25","slug":"contactar","status":"publish","type":"page","link":"https:\/\/www.inmobiliariasanantonio.es\/es\/contactar\/","title":{"rendered":"Contactar"},"content":{"rendered":"<div class=\"wpb-content-wrapper\"><p>[vc_row full_width=\u00bbstretch_row_content\u00bb equal_height=\u00bbyes\u00bb content_placement=\u00bbmiddle\u00bb][vc_column width=\u00bb1\/2&#8243; el_class=\u00bbspace-rl-160&#8243;][apus_title_heading style=\u00bbstyle_center\u00bb]DONDE ESTAMOS[\/apus_title_heading][vc_empty_space][vc_column_text]<\/p>\n<div class=\"location\">\n<p><strong>Inmobiliaria San Antonio<\/strong> tiene sus oficinas ubicadas en la localidad de San Antonio de Benageber en Valencia, bien comunicada por la pista de Ademuz, a continuaci\u00f3n le mostramos un mapa de nuestra situaci\u00f3n.<\/p>\n<p><em>Localizaci\u00f3n<\/em><br \/>\nCalle Turia, 12, 46184, San Antonio de Benag\u00e9ber, Valencia, Espa\u00f1a<\/p>\n<p><strong>667 709 999 \/ 670 394 517<\/strong><\/div>\n<p>[\/vc_column_text][vc_empty_space height=\u00bb30px\u00bb][apus_socials_link facebook_url=\u00bbhttps:\/\/www.facebook.com\/Inmobiliaria-San-Antonio-1535070966743121\/\u00bb style=\u00bbfulltext\u00bb][vc_empty_space height=\u00bb35px\u00bb]\n<div class=\"wpcf7 no-js\" id=\"wpcf7-f4534-o1\" lang=\"es-ES\" dir=\"ltr\" data-wpcf7-id=\"4534\">\n<div class=\"screen-reader-response\"><p role=\"status\" aria-live=\"polite\" aria-atomic=\"true\"><\/p> <ul><\/ul><\/div>\n<form action=\"\/es\/wp-json\/wp\/v2\/pages\/3658#wpcf7-f4534-o1\" method=\"post\" class=\"wpcf7-form init\" aria-label=\"Formulario de contacto\" novalidate=\"novalidate\" data-status=\"init\">\n<fieldset class=\"hidden-fields-container\"><input type=\"hidden\" name=\"_wpcf7\" value=\"4534\" \/><input type=\"hidden\" name=\"_wpcf7_version\" value=\"6.1.5\" \/><input type=\"hidden\" name=\"_wpcf7_locale\" value=\"es_ES\" \/><input type=\"hidden\" name=\"_wpcf7_unit_tag\" value=\"wpcf7-f4534-o1\" \/><input type=\"hidden\" name=\"_wpcf7_container_post\" value=\"0\" \/><input type=\"hidden\" name=\"_wpcf7_posted_data_hash\" value=\"\" \/>\n<\/fieldset>\n<p><label> Nombre (requerido)<br \/>\n<span class=\"wpcf7-form-control-wrap\" data-name=\"your-name\"><input size=\"40\" maxlength=\"400\" class=\"wpcf7-form-control wpcf7-text wpcf7-validates-as-required\" aria-required=\"true\" aria-invalid=\"false\" value=\"\" type=\"text\" name=\"your-name\" \/><\/span> <\/label>\n<\/p>\n<p><label> Tu email (requerido)<br \/>\n<span class=\"wpcf7-form-control-wrap\" data-name=\"your-email\"><input size=\"40\" maxlength=\"400\" class=\"wpcf7-form-control wpcf7-email wpcf7-validates-as-required wpcf7-text wpcf7-validates-as-email\" aria-required=\"true\" aria-invalid=\"false\" value=\"\" type=\"email\" name=\"your-email\" \/><\/span> <\/label>\n<\/p>\n<p><label> Asunto<br \/>\n<span class=\"wpcf7-form-control-wrap\" data-name=\"your-subject\"><input size=\"40\" maxlength=\"400\" class=\"wpcf7-form-control wpcf7-text\" aria-invalid=\"false\" value=\"\" type=\"text\" name=\"your-subject\" \/><\/span> <\/label>\n<\/p>\n<p><label> Mensaje<br \/>\n<span class=\"wpcf7-form-control-wrap\" data-name=\"your-message\"><textarea cols=\"40\" rows=\"10\" maxlength=\"2000\" class=\"wpcf7-form-control wpcf7-textarea\" aria-invalid=\"false\" name=\"your-message\"><\/textarea><\/span> <\/label>\n<\/p>\n<p><input class=\"wpcf7-form-control wpcf7-submit has-spinner\" type=\"submit\" value=\"Enviar\" \/>\n<\/p><div class=\"wpcf7-response-output\" aria-hidden=\"true\"><\/div>\n<\/form>\n<\/div>\n[vc_empty_space height=\u00bb20px\u00bb][\/vc_column][vc_column width=\u00bb1\/2&#8243;][vc_column_text]<iframe loading=\"lazy\" id=\"mapcanvas\" src=\"https:\/\/maps.google.com\/maps?q=Calle%20Turia,%2012,%2046184,%20San%20Antonio%20de%20Benag%C3%A9ber,%20Valencia,%20Espa%C3%B1a&amp;t=&amp;z=16&amp;ie=UTF8&amp;iwloc=&amp;output=embed\" width=\"100%\" height=\"920px\" frameborder=\"0\" marginwidth=\"0\" marginheight=\"0\" scrolling=\"no\"><\/p>\n<div class=\"zxos8_gm\">Powered by <a href=\"https:\/\/themesort.com\">free WordPress themes<\/a><\/div>\n<div style=\"overflow: hidden;\">\n<div id=\"gmap_canvas\" style=\"height: 920px; width: 100%;\"><\/div>\n<\/div>\n<div><small>Powered by <a href=\"https:\/\/www.embedgooglemap.co.uk\">Embed Google Map<\/a><\/small><\/div>\n<p>&nbsp;<\/p>\n<p>&nbsp;<\/p>\n<p>&nbsp;<\/p>\n<p>&nbsp;<\/p>\n<p>&nbsp;<\/p>\n<p>&nbsp;<\/p>\n<p>&nbsp;<\/p>\n<p>&nbsp;<\/p>\n<p><\/iframe>[\/vc_column_text][\/vc_column][\/vc_row]<\/p>\n<\/div>","protected":false},"excerpt":{"rendered":"<p>[vc_row full_width=\u00bbstretch_row_content\u00bb equal_height=\u00bbyes\u00bb content_placement=\u00bbmiddle\u00bb][vc_column width=\u00bb1\/2&#8243; el_class=\u00bbspace-rl-160&#8243;][apus_title_heading style=\u00bbstyle_center\u00bb]DONDE ESTAMOS[\/apus_title_heading][vc_empty_space][vc_column_text] Inmobiliaria San Antonio tiene sus oficinas ubicadas en la localidad de San Antonio de Benageber en Valencia, bien comunicada por la pista de Ademuz, a continuaci\u00f3n le mostramos un mapa de nuestra situaci\u00f3n. Localizaci\u00f3n Calle Turia, 12, 46184, San Antonio de Benag\u00e9ber, Valencia, Espa\u00f1a 667 709 999 &hellip; <br \/><a href=\"https:\/\/www.inmobiliariasanantonio.es\/es\/contactar\/\" class=\"more-link\">Continue reading <span class=\"screen-reader-text\">Contactar<\/span><\/a><\/p>\n","protected":false},"author":3,"featured_media":0,"parent":0,"menu_order":0,"comment_status":"closed","ping_status":"closed","template":"","meta":{"footnotes":""},"class_list":["post-3658","page","type-page","status-publish","hentry"],"_links":{"self":[{"href":"https:\/\/www.inmobiliariasanantonio.es\/es\/wp-json\/wp\/v2\/pages\/3658","targetHints":{"allow":["GET"]}}],"collection":[{"href":"https:\/\/www.inmobiliariasanantonio.es\/es\/wp-json\/wp\/v2\/pages"}],"about":[{"href":"https:\/\/www.inmobiliariasanantonio.es\/es\/wp-json\/wp\/v2\/types\/page"}],"author":[{"embeddable":true,"href":"https:\/\/www.inmobiliariasanantonio.es\/es\/wp-json\/wp\/v2\/users\/3"}],"replies":[{"embeddable":true,"href":"https:\/\/www.inmobiliariasanantonio.es\/es\/wp-json\/wp\/v2\/comments?post=3658"}],"version-history":[{"count":13,"href":"https:\/\/www.inmobiliariasanantonio.es\/es\/wp-json\/wp\/v2\/pages\/3658\/revisions"}],"predecessor-version":[{"id":4535,"href":"https:\/\/www.inmobiliariasanantonio.es\/es\/wp-json\/wp\/v2\/pages\/3658\/revisions\/4535"}],"wp:attachment":[{"href":"https:\/\/www.inmobiliariasanantonio.es\/es\/wp-json\/wp\/v2\/media?parent=3658"}],"curies":[{"name":"wp","href":"https:\/\/api.w.org\/{rel}","templated":true}]}}