{"id":3655,"date":"2019-03-18T19:22:44","date_gmt":"2019-03-18T18:22:44","guid":{"rendered":"https:\/\/www.clientswork.net\/inmob\/la-inmobiliaria\/"},"modified":"2019-03-22T14:08:30","modified_gmt":"2019-03-22T13:08:30","slug":"la-inmobiliaria","status":"publish","type":"page","link":"https:\/\/www.inmobiliariasanantonio.es\/es\/la-inmobiliaria\/","title":{"rendered":"La inmobiliaria"},"content":{"rendered":"<div class=\"wpb-content-wrapper\"><p>[vc_row][vc_column width=\u00bb1\/2&#8243;][vc_column_text]<strong>Inmobiliaria San Antonio<\/strong> es una agencia consolidada, no es un producto del pasado boom inmobiliario, contamos con m\u00e1s de 20 a\u00f1os de experiencia en el sector avalados por el alto nivel de satisfacci\u00f3n y confianza de nuestros clientes. Tanto de vendedores como de compradores.<\/p>\n<p>Abarcamos la zona de Camp de Turia, con especial atenci\u00f3n en las zonas residenciales de La Eliana, San Antonio de Benag\u00e9ber, B\u00e9tera, La Pobla de Vallbona, Ribarroja y Lliria.<br \/>\nNos caracterizamos por el trato personalizado y honesto con nuestros clientes.<br \/>\nAgilidad y eficacia en nuestras gestiones nos llevan a conseguir gran \u00e9xito en nuestras operaciones.[\/vc_column_text][\/vc_column][vc_column width=\u00bb1\/2&#8243;][vc_single_image image=\u00bb3504&#8243; img_size=\u00bbfull\u00bb alignment=\u00bbcenter\u00bb][\/vc_column][\/vc_row][vc_row][vc_column][vc_empty_space height=\u00bb3em\u00bb][\/vc_column][\/vc_row]<\/p>\n<\/div>","protected":false},"excerpt":{"rendered":"<p>[vc_row][vc_column width=\u00bb1\/2&#8243;][vc_column_text]Inmobiliaria San Antonio es una agencia consolidada, no es un producto del pasado boom inmobiliario, contamos con m\u00e1s de 20 a\u00f1os de experiencia en el sector avalados por el alto nivel de satisfacci\u00f3n y confianza de nuestros clientes. Tanto de vendedores como de compradores. Abarcamos la zona de Camp de Turia, con especial atenci\u00f3n &hellip; <br \/><a href=\"https:\/\/www.inmobiliariasanantonio.es\/es\/la-inmobiliaria\/\" class=\"more-link\">Continue reading <span class=\"screen-reader-text\">La inmobiliaria<\/span><\/a><\/p>\n","protected":false},"author":3,"featured_media":0,"parent":0,"menu_order":0,"comment_status":"closed","ping_status":"closed","template":"","meta":{"footnotes":""},"class_list":["post-3655","page","type-page","status-publish","hentry"],"_links":{"self":[{"href":"https:\/\/www.inmobiliariasanantonio.es\/es\/wp-json\/wp\/v2\/pages\/3655","targetHints":{"allow":["GET"]}}],"collection":[{"href":"https:\/\/www.inmobiliariasanantonio.es\/es\/wp-json\/wp\/v2\/pages"}],"about":[{"href":"https:\/\/www.inmobiliariasanantonio.es\/es\/wp-json\/wp\/v2\/types\/page"}],"author":[{"embeddable":true,"href":"https:\/\/www.inmobiliariasanantonio.es\/es\/wp-json\/wp\/v2\/users\/3"}],"replies":[{"embeddable":true,"href":"https:\/\/www.inmobiliariasanantonio.es\/es\/wp-json\/wp\/v2\/comments?post=3655"}],"version-history":[{"count":2,"href":"https:\/\/www.inmobiliariasanantonio.es\/es\/wp-json\/wp\/v2\/pages\/3655\/revisions"}],"predecessor-version":[{"id":4344,"href":"https:\/\/www.inmobiliariasanantonio.es\/es\/wp-json\/wp\/v2\/pages\/3655\/revisions\/4344"}],"wp:attachment":[{"href":"https:\/\/www.inmobiliariasanantonio.es\/es\/wp-json\/wp\/v2\/media?parent=3655"}],"curies":[{"name":"wp","href":"https:\/\/api.w.org\/{rel}","templated":true}]}}