{"id":3508,"date":"2019-03-11T01:06:16","date_gmt":"2019-03-11T00:06:16","guid":{"rendered":"https:\/\/www.clientswork.net\/inmob\/?page_id=3508"},"modified":"2019-03-18T19:26:02","modified_gmt":"2019-03-18T18:26:02","slug":"location","status":"publish","type":"page","link":"https:\/\/www.inmobiliariasanantonio.es\/en\/location\/","title":{"rendered":"Location"},"content":{"rendered":"<div class=\"wpb-content-wrapper\"><p>[vc_row][vc_column width=&#8221;1\/2&#8243;][vc_column_text]<strong>Inmobiliaria San Antonio<\/strong> tiene sus oficinas ubicadas en la localidad de San Antonio de Benageber en Valencia, bien comunicada por la pista de Ademuz, a continuaci\u00f3n le mostramos un mapa de nuestra situaci\u00f3n.<\/p>\n<p>Localizaci\u00f3n<br \/>\nCalle Turia, 12, 46184, San Antonio de Benag\u00e9ber, Valencia, Espa\u00f1a<\/p>\n<p><strong>667 709 999 \/ 670 394 517<\/strong>[\/vc_column_text][\/vc_column][vc_column width=&#8221;1\/2&#8243;][vc_single_image image=&#8221;3503&#8243; img_size=&#8221;full&#8221; alignment=&#8221;center&#8221;][\/vc_column][\/vc_row][vc_row][vc_column][vc_empty_space height=&#8221;3em&#8221;][\/vc_column][\/vc_row]<\/p>\n<\/div>","protected":false},"excerpt":{"rendered":"<p>[vc_row][vc_column width=&#8221;1\/2&#8243;][vc_column_text]Inmobiliaria San Antonio tiene sus oficinas ubicadas en la localidad de San Antonio de Benageber en Valencia, bien comunicada por la pista de Ademuz, a continuaci\u00f3n le mostramos un mapa de nuestra situaci\u00f3n. Localizaci\u00f3n Calle Turia, 12, 46184, San Antonio de Benag\u00e9ber, Valencia, Espa\u00f1a 667 709 999 \/ 670 394 517[\/vc_column_text][\/vc_column][vc_column width=&#8221;1\/2&#8243;][vc_single_image image=&#8221;3503&#8243; img_size=&#8221;full&#8221; &hellip; <br \/><a href=\"https:\/\/www.inmobiliariasanantonio.es\/en\/location\/\" class=\"more-link\">Continue reading <span class=\"screen-reader-text\">Location<\/span><\/a><\/p>\n","protected":false},"author":1,"featured_media":0,"parent":0,"menu_order":0,"comment_status":"closed","ping_status":"closed","template":"","meta":{"footnotes":""},"class_list":["post-3508","page","type-page","status-publish","hentry"],"_links":{"self":[{"href":"https:\/\/www.inmobiliariasanantonio.es\/en\/wp-json\/wp\/v2\/pages\/3508","targetHints":{"allow":["GET"]}}],"collection":[{"href":"https:\/\/www.inmobiliariasanantonio.es\/en\/wp-json\/wp\/v2\/pages"}],"about":[{"href":"https:\/\/www.inmobiliariasanantonio.es\/en\/wp-json\/wp\/v2\/types\/page"}],"author":[{"embeddable":true,"href":"https:\/\/www.inmobiliariasanantonio.es\/en\/wp-json\/wp\/v2\/users\/1"}],"replies":[{"embeddable":true,"href":"https:\/\/www.inmobiliariasanantonio.es\/en\/wp-json\/wp\/v2\/comments?post=3508"}],"version-history":[{"count":2,"href":"https:\/\/www.inmobiliariasanantonio.es\/en\/wp-json\/wp\/v2\/pages\/3508\/revisions"}],"predecessor-version":[{"id":3660,"href":"https:\/\/www.inmobiliariasanantonio.es\/en\/wp-json\/wp\/v2\/pages\/3508\/revisions\/3660"}],"wp:attachment":[{"href":"https:\/\/www.inmobiliariasanantonio.es\/en\/wp-json\/wp\/v2\/media?parent=3508"}],"curies":[{"name":"wp","href":"https:\/\/api.w.org\/{rel}","templated":true}]}}