{"id":3246,"date":"2019-03-05T16:48:44","date_gmt":"2019-03-05T15:48:44","guid":{"rendered":"https:\/\/www.clientswork.net\/inmob\/?page_id=3246"},"modified":"2019-03-18T18:57:28","modified_gmt":"2019-03-18T17:57:28","slug":"services","status":"publish","type":"page","link":"https:\/\/www.inmobiliariasanantonio.es\/en\/services\/","title":{"rendered":"Services"},"content":{"rendered":"<div class=\"wpb-content-wrapper\"><p>[vc_row][vc_column][vc_column_text]Ofrecemos nuestros servicios a todo aquel que los necesite :<\/p>\n<p>&nbsp;<\/p>\n<p>* <strong>COMPRADOR<\/strong><\/p>\n<p>&#8211; \u00a0<strong>Asesoramiento<\/strong> tanto para saber exactamente lo <strong>que buscas<\/strong>, como para tener clara tu <strong>financiaci\u00f3n<\/strong> antes de comenzar a ver propiedades. Si has hecho lo correcto y ya tienes vista la financiaci\u00f3n, perfecto. En caso contrario te echamos una mano, eligiendo t\u00fa la entidad y oficina por supuesto.<\/p>\n<p>&#8211; \u00a0A la hora de encontrar lo que buscas <strong>es primordial<\/strong> hacer una buena <strong>selecci\u00f3n previa<\/strong>, evitando as\u00ed perder tiempo y energ\u00edas, justamente lo que necesitas para tomar una buena decisi\u00f3n. No te llevaremos a ver casas que est\u00e9n por encima de su precio de mercado.<\/p>\n<p><strong>Cuestiones importantes<\/strong> que a menudo se infravaloran a la hora de actuar son cruciales;<\/p>\n<p><strong> conocer<\/strong> a fondo el <strong>mercado actual<\/strong>, siempre cambiante y a merced de las legislaciones poco estudiadas del gobierno de turno, <strong>conocer a la persona con la que vas a negociar<\/strong> asuntos que te afectaran el resto de tu estancia en esa vivienda es una clara e indiscutible ventaja, <strong>asesoramiento profesional en la negociaci\u00f3n<\/strong> con m\u00e1s de 40 a\u00f1os en el sector, <strong>asesoramiento o tramitaci\u00f3n directamente<\/strong> de todos los documentos exigidos por gestora, notaria, registro\u2026con m\u00e1s de 20 a\u00f1os de experiencia.<\/p>\n<p>&nbsp;<\/p>\n<p><em>En definitiva hacer de la elecci\u00f3n de un hogar algo agradable, r\u00e1pido y satisfactorio.<\/em><\/p>\n<p>&nbsp;<\/p>\n<p><strong>* VENDEDOR<\/strong><\/p>\n<p>&#8211; \u00a0<strong>Tasaci\u00f3n gratuita sin compromiso<\/strong>. Si quieres vender \u00a0tu casa, te decimos como es mejor, si llevas un tiempo intent\u00e1ndolo te diremos porque no recibes ofertas razonables.<\/p>\n<p>&#8211; \u00a0<strong>Promoci\u00f3n de tu propiedad<\/strong> en <strong>nuestra web y en diversos portales inmobiliarios<\/strong> visitados diariamente por cientos de personas que realmente buscan casa ( demostrable con estad\u00edsticas proporcionadas por la propia red ). Por descontado nos encargamos de las <strong>fotograf\u00edas, dise\u00f1o del anuncio, actualizaci\u00f3n peri\u00f3dica del mismo, atenci\u00f3n inmediata a los interesados<\/strong>.<\/p>\n<p>&#8211; Tan<strong> importante para el \u00e9xito<\/strong> de la venta\/compra es <strong>saber filtrar<\/strong> posibles compradores\/ofertas serias.<\/p>\n<p><strong>No te haremos perder tu valioso tiempo<\/strong> con visitas inc\u00f3modas e ineficaces, tambi\u00e9n valoramos mucho nuestro tiempo como comprender\u00e1s. <strong>Si te llevamos a un cliente a casa es porque sabemos que puede ser lo que busca y sobre todo que la puede firmar en cuesti\u00f3n de d\u00edas si se decide por ella<\/strong>. Las personas que visitan propiedades a la venta por curiosidad, hacerse una idea del valor de su propia casa o por simple aburrimiento est\u00e1n vetadas en nuestra agencia, <strong>descuida<\/strong>.<\/p>\n<p>&#8211; Tenemos <strong>experiencia en negociaciones<\/strong>, \u00a0<strong>m\u00e1s de 40 a\u00f1os<\/strong>, \u00a0y en el <strong>sector inmobiliario<\/strong> superamos los <strong>20 a\u00f1os de existencia<\/strong>, habi\u00e9ndose vivido en el sector la peor crisis que se conoce, con los incre\u00edbles esfuerzos que eso conlleva para un <strong>peque\u00f1a empresa familiar<\/strong>.<\/p>\n<p>&nbsp;<\/p>\n<p>* Nuestros honorarios jam\u00e1s ser\u00e1n superiores al 2,5% del valor final de venta. \u00a0\u00a1 Consulta nos la pol\u00edtica de comisiones ![\/vc_column_text][\/vc_column][\/vc_row]<\/p>\n<\/div>","protected":false},"excerpt":{"rendered":"<p>[vc_row][vc_column][vc_column_text]Ofrecemos nuestros servicios a todo aquel que los necesite : &nbsp; * COMPRADOR &#8211; \u00a0Asesoramiento tanto para saber exactamente lo que buscas, como para tener clara tu financiaci\u00f3n antes de comenzar a ver propiedades. Si has hecho lo correcto y ya tienes vista la financiaci\u00f3n, perfecto. En caso contrario te echamos una mano, eligiendo t\u00fa &hellip; <br \/><a href=\"https:\/\/www.inmobiliariasanantonio.es\/en\/services\/\" class=\"more-link\">Continue reading <span class=\"screen-reader-text\">Services<\/span><\/a><\/p>\n","protected":false},"author":1,"featured_media":0,"parent":0,"menu_order":0,"comment_status":"closed","ping_status":"closed","template":"","meta":{"footnotes":""},"class_list":["post-3246","page","type-page","status-publish","hentry"],"_links":{"self":[{"href":"https:\/\/www.inmobiliariasanantonio.es\/en\/wp-json\/wp\/v2\/pages\/3246","targetHints":{"allow":["GET"]}}],"collection":[{"href":"https:\/\/www.inmobiliariasanantonio.es\/en\/wp-json\/wp\/v2\/pages"}],"about":[{"href":"https:\/\/www.inmobiliariasanantonio.es\/en\/wp-json\/wp\/v2\/types\/page"}],"author":[{"embeddable":true,"href":"https:\/\/www.inmobiliariasanantonio.es\/en\/wp-json\/wp\/v2\/users\/1"}],"replies":[{"embeddable":true,"href":"https:\/\/www.inmobiliariasanantonio.es\/en\/wp-json\/wp\/v2\/comments?post=3246"}],"version-history":[{"count":2,"href":"https:\/\/www.inmobiliariasanantonio.es\/en\/wp-json\/wp\/v2\/pages\/3246\/revisions"}],"predecessor-version":[{"id":3643,"href":"https:\/\/www.inmobiliariasanantonio.es\/en\/wp-json\/wp\/v2\/pages\/3246\/revisions\/3643"}],"wp:attachment":[{"href":"https:\/\/www.inmobiliariasanantonio.es\/en\/wp-json\/wp\/v2\/media?parent=3246"}],"curies":[{"name":"wp","href":"https:\/\/api.w.org\/{rel}","templated":true}]}}