{"id":2493,"date":"2017-06-14T06:51:37","date_gmt":"2017-06-14T06:51:37","guid":{"rendered":"http:\/\/demoapus.com\/apushome\/?page_id=2493"},"modified":"2019-03-11T01:11:16","modified_gmt":"2019-03-11T00:11:16","slug":"contact","status":"publish","type":"page","link":"https:\/\/www.inmobiliariasanantonio.es\/en\/contact\/","title":{"rendered":"Contact"},"content":{"rendered":"<div class=\"wpb-content-wrapper\"><p>[vc_row full_width=&#8221;stretch_row_content&#8221; equal_height=&#8221;yes&#8221; content_placement=&#8221;middle&#8221;][vc_column width=&#8221;1\/2&#8243; el_class=&#8221;space-rl-160&#8243;][apus_title_heading style=&#8221;style_center&#8221;]DONDE ESTAMOS[\/apus_title_heading][vc_empty_space][vc_column_text]<\/p>\n<div class=\"location\">\n<p><strong>Inmobiliaria San Antonio<\/strong> tiene sus oficinas ubicadas en la localidad de San Antonio de Benageber en Valencia, bien comunicada por la pista de Ademuz, a continuaci\u00f3n le mostramos un mapa de nuestra situaci\u00f3n.<\/p>\n<p><em>Localizaci\u00f3n<\/em><br \/>\nCalle Turia, 12, 46184, San Antonio de Benag\u00e9ber, Valencia, Espa\u00f1a<\/p>\n<p><strong>667 709 999 \/ 670 394 517<\/strong><\/p>\n<\/div>\n<p>[\/vc_column_text][vc_empty_space height=&#8221;30px&#8221;][apus_socials_link facebook_url=&#8221;https:\/\/www.facebook.com\/Inmobiliaria-San-Antonio-1535070966743121\/&#8221; style=&#8221;fulltext&#8221;][vc_empty_space height=&#8221;35px&#8221;][apus_title_heading descript=&#8221;Vestibulum faucibus cursus orci, quis egestas eros&#8221; style=&#8221;style_center&#8221;]LLAMARNOS[\/apus_title_heading][vc_empty_space height=&#8221;35px&#8221;]\n<div class=\"wpcf7 no-js\" id=\"wpcf7-f2754-o1\" lang=\"en-US\" dir=\"ltr\" data-wpcf7-id=\"2754\">\n<div class=\"screen-reader-response\"><p role=\"status\" aria-live=\"polite\" aria-atomic=\"true\"><\/p> <ul><\/ul><\/div>\n<form action=\"\/en\/wp-json\/wp\/v2\/pages\/2493#wpcf7-f2754-o1\" method=\"post\" class=\"wpcf7-form init\" aria-label=\"Contact form\" novalidate=\"novalidate\" data-status=\"init\">\n<fieldset class=\"hidden-fields-container\"><input type=\"hidden\" name=\"_wpcf7\" value=\"2754\" \/><input type=\"hidden\" name=\"_wpcf7_version\" value=\"6.1.5\" \/><input type=\"hidden\" name=\"_wpcf7_locale\" value=\"en_US\" \/><input type=\"hidden\" name=\"_wpcf7_unit_tag\" value=\"wpcf7-f2754-o1\" \/><input type=\"hidden\" name=\"_wpcf7_container_post\" value=\"0\" \/><input type=\"hidden\" name=\"_wpcf7_posted_data_hash\" value=\"\" \/>\n<\/fieldset>\n<div class=\"send-message\">\n\t<div class=\"row\">\n\t\t<div class=\"col-md-6\">\n\t\t\t<p>[text* text-998 class:form-control placeholder [your-name]\n\t\t\t<\/p>\n\t\t<\/div>\n\t\t<div class=\"col-md-6\">\n\t\t\t<p><span class=\"wpcf7-form-control-wrap\" data-name=\"email-851\"><input size=\"40\" maxlength=\"400\" class=\"wpcf7-form-control wpcf7-email wpcf7-validates-as-required wpcf7-text wpcf7-validates-as-email form-control\" aria-required=\"true\" aria-invalid=\"false\" placeholder=\"email*\" value=\"\" type=\"email\" name=\"email-851\" \/><\/span>\n\t\t\t<\/p>\n\t\t<\/div>\n\t<\/div>\n\t<p><span class=\"wpcf7-form-control-wrap\" data-name=\"textarea-614\"><textarea cols=\"40\" rows=\"10\" maxlength=\"2000\" class=\"wpcf7-form-control wpcf7-textarea wpcf7-validates-as-required form-control\" aria-required=\"true\" aria-invalid=\"false\" placeholder=\"Mensaje\" name=\"textarea-614\"><\/textarea><\/span><input class=\"wpcf7-form-control wpcf7-submit has-spinner btn btn-theme-second\" type=\"submit\" value=\"Enviar mensaje\" \/>\n\t<\/p>\n<\/div><div class=\"wpcf7-response-output\" aria-hidden=\"true\"><\/div>\n<\/form>\n<\/div>\n[vc_empty_space height=&#8221;20px&#8221;][\/vc_column][vc_column width=&#8221;1\/2&#8243;][apus_googlemap lat_lng=&#8221;40.722259,-74.870001&#8243; height=&#8221;970&#8243; map_style=&#8221;blue-gray&#8221; info=&#8221;%5B%7B%7D%5D&#8221; socials=&#8221;%5B%7B%7D%5D&#8221; marker_icon=&#8221;2957&#8243;][\/vc_column][\/vc_row]<\/p>\n<\/div>","protected":false},"excerpt":{"rendered":"<p>[vc_row full_width=&#8221;stretch_row_content&#8221; equal_height=&#8221;yes&#8221; content_placement=&#8221;middle&#8221;][vc_column width=&#8221;1\/2&#8243; el_class=&#8221;space-rl-160&#8243;][apus_title_heading style=&#8221;style_center&#8221;]DONDE ESTAMOS[\/apus_title_heading][vc_empty_space][vc_column_text] Inmobiliaria San Antonio tiene sus oficinas ubicadas en la localidad de San Antonio de Benageber en Valencia, bien comunicada por la pista de Ademuz, a continuaci\u00f3n le mostramos un mapa de nuestra situaci\u00f3n. Localizaci\u00f3n Calle Turia, 12, 46184, San Antonio de Benag\u00e9ber, Valencia, Espa\u00f1a 667 709 999 &hellip; <br \/><a href=\"https:\/\/www.inmobiliariasanantonio.es\/en\/contact\/\" class=\"more-link\">Continue reading <span class=\"screen-reader-text\">Contact<\/span><\/a><\/p>\n","protected":false},"author":1,"featured_media":0,"parent":0,"menu_order":0,"comment_status":"closed","ping_status":"closed","template":"","meta":{"footnotes":""},"class_list":["post-2493","page","type-page","status-publish","hentry"],"_links":{"self":[{"href":"https:\/\/www.inmobiliariasanantonio.es\/en\/wp-json\/wp\/v2\/pages\/2493","targetHints":{"allow":["GET"]}}],"collection":[{"href":"https:\/\/www.inmobiliariasanantonio.es\/en\/wp-json\/wp\/v2\/pages"}],"about":[{"href":"https:\/\/www.inmobiliariasanantonio.es\/en\/wp-json\/wp\/v2\/types\/page"}],"author":[{"embeddable":true,"href":"https:\/\/www.inmobiliariasanantonio.es\/en\/wp-json\/wp\/v2\/users\/1"}],"replies":[{"embeddable":true,"href":"https:\/\/www.inmobiliariasanantonio.es\/en\/wp-json\/wp\/v2\/comments?post=2493"}],"version-history":[{"count":3,"href":"https:\/\/www.inmobiliariasanantonio.es\/en\/wp-json\/wp\/v2\/pages\/2493\/revisions"}],"predecessor-version":[{"id":3512,"href":"https:\/\/www.inmobiliariasanantonio.es\/en\/wp-json\/wp\/v2\/pages\/2493\/revisions\/3512"}],"wp:attachment":[{"href":"https:\/\/www.inmobiliariasanantonio.es\/en\/wp-json\/wp\/v2\/media?parent=2493"}],"curies":[{"name":"wp","href":"https:\/\/api.w.org\/{rel}","templated":true}]}}